{"id":3,"date":"2024-10-09T12:35:20","date_gmt":"2024-10-09T10:35:20","guid":{"rendered":"https:\/\/www.gruppocastanea.it\/?page_id=3"},"modified":"2025-01-07T13:16:21","modified_gmt":"2025-01-07T12:16:21","slug":"privacy-policy","status":"publish","type":"page","link":"https:\/\/www.gruppocastanea.it\/en\/privacy-policy\/","title":{"rendered":"Privacy Policy"},"content":{"rendered":"<div data-elementor-type=\"wp-page\" data-elementor-id=\"3\" class=\"elementor elementor-3\" data-elementor-post-type=\"page\">\n\t\t\t\t\t\t<section class=\"elementor-section elementor-top-section elementor-element elementor-element-fb028d7 elementor-section-boxed elementor-section-height-default elementor-section-height-default\" data-id=\"fb028d7\" data-element_type=\"section\" data-e-type=\"section\">\n\t\t\t\t\t\t<div class=\"elementor-container elementor-column-gap-default\">\n\t\t\t\t\t<div class=\"elementor-column elementor-col-100 elementor-top-column elementor-element elementor-element-2fbf48a\" data-id=\"2fbf48a\" data-element_type=\"column\" data-e-type=\"column\">\n\t\t\t<div class=\"elementor-widget-wrap elementor-element-populated\">\n\t\t\t\t\t\t<div class=\"elementor-element elementor-element-7ceb47b elementor-widget elementor-widget-text-editor\" data-id=\"7ceb47b\" data-element_type=\"widget\" data-e-type=\"widget\" data-widget_type=\"text-editor.default\">\n\t\t\t\t<div class=\"elementor-widget-container\">\n\t\t\t\t\t\t\t\t\t        <div data-v-11b4eedd=\"\" data-v-164ff72a=\"\" ><h4> Privacy policy <\/h4> <p> Il sito gruppocastanea.it \u00e8 di propriet\u00e0 di Gruppo Castanea, titolare del trattamento dei Suoi dati personali. <\/p> <p> We have adopted this privacy policy, which determines the treatment of the information collected by gruppocastanea.en in addition, the reasons for the collection of certain personal information You have related. Therefore, you should read this privacy policy before using the site gruppocastanea.en. <\/p> <p> We treat your personal data and we guarantee the confidentiality and security of the same. <\/p> <h4> Personal information collected: <\/h4> <p> Quando visita gruppocastanea.it, raccogliamo automaticamente certe informazioni sul dispositivo, incluse informazioni su browser web, indirizzo IP, fuso orario e cookie installati sul dispositivo. Inoltre, navigando sul sito, raccogliamo informazioni sulle pagine web o i prodotti visualizzati, siti web o termini di ricerca di riferimento verso il sito e come Lei interagisce con il sito. Indichiamo tali informazioni raccolte automaticamente come \u201cinformazioni sul dispositivo\u201d. Inoltre, potremmo raccogliere dati personali che ci fornisce (inclusi senza limitazione nome, cognome, indirizzo, informazioni di pagamento ecc.) durante la registrazione per soddisfare l&#8217;accordo. <\/p> <h4> Perch\u00e9 trattiamo i dati? <\/h4> <p> La sicurezza dei dati dei clienti \u00e8 una nostra priorit\u00e0, pertanto trattiamo solo i dati degli utenti strettamente necessari per gestire il sito. Le informazioni raccolte automaticamente vengono utilizzate solo per identificare casi potenziali di abuso e stabilire statistiche sull&#8217;uso del sito. Queste informazioni statistiche non sono aggregate in modo da identificare un utente specifico del sistema. <\/p> <p> Le \u00e8 consentito visitare il sito senza rivelare informazioni, tramite le quali potrebbe essere identificato personalmente. Se, tuttavia, desidera utilizzare alcune delle funzioni del sito, o desidera ricevere newsletter o fornire altri dettagli compilando un modulo, potrebbe doverci fornire dati personali come email, nome, cognome, citt\u00e0 di residenza, organizzazione e numero di telefono. Pu\u00f2 scegliere di non fornire dati personali, tuttavia in tal caso non potr\u00e0 usufruire di alcune funzioni del sito. Per esempio, non potr\u00e0 ricevere la nostra newsletter o contattarci direttamente dal sito. Gli utenti che non sanno quali informazioni sono obbligatorie, possono contattarci a info@gruppocastanea.it. <\/p> <h4> Your rights: <\/h4> <p> Se \u00e8 residente nell&#8217;Unione Europea, dispone dei seguenti diritti sui dati personali: <\/p> <ul> <li> The right to be informed. <\/li> <li> Il diritto all&#8217;accesso. <\/li> <li> The law of change. <\/li> <li> The right to deletion. <\/li> <li> The right to restriction of processing. <\/li> <li> Il diritto di portabilit\u00e0 dei dati. <\/li> <li> The right of objection. <\/li> <li> The law in relation to the decision and profiling automated. <\/li> <\/ul> <p> To exercise these rights, please contact us through the contact information below. <\/p> <p> Inoltre, se \u00e8 residente nell&#8217;Unione Europea, trattiamo le Sue informazioni al fine di stipulare i contratti con Lei (per esempio, in caso di ordine tramite il sito), o soddisfare in altro modo i nostri interessi commerciali legittimi indicati sopra. Ancora, notare che le informazioni possono essere trasferite fuori dall&#8217;Europa, incluso in Canada e negli Stati Uniti. <\/p> <h4> Links to other sites: <\/h4> <p> Our website may contain links to other sites that are not operated or controlled by us. Note that we are not responsible for the privacy practices of other websites or third parties. We invite you to pay attention in case you exit the web site and to read the privacy statements of each and every website that may collect personal information. <\/p> <h4> Information security: <\/h4> <p> Proteggiamo le informazioni fornite su server informatici controllati, un ambiente sicuro protetto da accesso, uso o divulgazione non autorizzata. Adottiamo sistemi di protezione fisica, tecnica e amministrativa ragionevoli per proteggere da accesso, uso, modifica e divulgazione non autorizzata delle informazioni personali in nostro possesso. Nonostante ci\u00f2, nessuna trasmissione dei dati tramite Internet o rete wireless pu\u00f2 essere completamente garantita come sicura. <\/p> <h4> Legal notice: <\/h4> <p> We will disclose information we collect, use or receive if required or permitted by law, such as to comply with orders of courts or legal proceedings similar, over which, in the case in which we believe in good faith that disclosure is necessary to protect our rights, protect your safety or the safety of others, investigate fraud or respond to governmental requests. <\/p> <h4> Contact information: <\/h4> <p> Per qualsiasi questione correlata ai diritti individuali o alle informazioni personali, pu\u00f2 inviare un&#8217;email a info@gruppocastanea.it.<\/p><\/div>\n\t\t\t\t\t\t\t\t<\/div>\n\t\t\t\t<\/div>\n\t\t\t\t\t<\/div>\n\t\t<\/div>\n\t\t\t\t\t<\/div>\n\t\t<\/section>\n\t\t\t\t<\/div>","protected":false},"excerpt":{"rendered":"<p>Politica sulla riservatezza Il sito gruppocastanea.it \u00e8 di propriet\u00e0 di Gruppo Castanea, titolare del trattamento dei Suoi dati personali. Abbiamo adottato questa politica sulla privacy, la quale determina il trattamento delle informazioni raccolte da gruppocastanea.it, oltre che i motivi per raccolta di certi dati personali a Lei correlati. Pertanto, deve leggere questa politica sulla riservatezza prima di usare il sito gruppocastanea.it. Trattiamo i Suoi dati personali e garantiamo riservatezza e sicurezza degli stessi. Informazioni personali raccolte: Quando visita gruppocastanea.it, raccogliamo automaticamente certe informazioni sul dispositivo, incluse informazioni su browser web, indirizzo IP, fuso orario e cookie installati sul dispositivo. Inoltre, navigando sul sito, raccogliamo informazioni sulle pagine web o i prodotti visualizzati, siti web o termini di ricerca di riferimento verso il sito e come Lei interagisce con il sito. Indichiamo tali informazioni raccolte automaticamente come \u201cinformazioni sul dispositivo\u201d. Inoltre, potremmo raccogliere dati personali che ci fornisce (inclusi senza limitazione nome, cognome, indirizzo, informazioni di pagamento ecc.) durante la registrazione per soddisfare l&#8217;accordo. Perch\u00e9 trattiamo i dati? La sicurezza dei dati dei clienti \u00e8 una nostra priorit\u00e0, pertanto trattiamo solo i dati degli utenti strettamente necessari per gestire il sito. Le informazioni raccolte automaticamente vengono utilizzate solo per identificare casi potenziali di abuso e stabilire statistiche sull&#8217;uso del sito. Queste informazioni statistiche non sono aggregate in modo da identificare un utente specifico del sistema. Le \u00e8 consentito visitare il sito senza rivelare informazioni, tramite le quali potrebbe essere identificato personalmente. Se, tuttavia, desidera utilizzare alcune delle funzioni del sito, o desidera ricevere newsletter o fornire altri dettagli compilando un modulo, potrebbe doverci fornire dati personali come email, nome, cognome, citt\u00e0 di residenza, organizzazione e numero di telefono. Pu\u00f2 scegliere di non fornire dati personali, tuttavia in tal caso non potr\u00e0 usufruire di alcune funzioni del sito. Per esempio, non potr\u00e0 ricevere la nostra newsletter o contattarci direttamente dal sito. Gli utenti che non sanno quali informazioni sono obbligatorie, possono contattarci a info@gruppocastanea.it. I Suoi diritti: Se \u00e8 residente nell&#8217;Unione Europea, dispone dei seguenti diritti sui dati personali: Il diritto di essere informato. Il diritto all&#8217;accesso. Il diritto di modifica. Il diritto di eliminazione. Il diritto di limitazione del trattamento. Il diritto di portabilit\u00e0 dei dati. Il diritto di obiezione. Il diritto in relazione a decisione e profilazione automatizzata. Per esercitare questi diritti, si prega di contattarci tramite le informazioni di contatto sotto. Inoltre, se \u00e8 residente nell&#8217;Unione Europea, trattiamo le Sue informazioni al fine di stipulare i contratti con Lei (per esempio, in caso di ordine tramite il sito), o soddisfare in altro modo i nostri interessi commerciali legittimi indicati sopra. Ancora, notare che le informazioni possono essere trasferite fuori dall&#8217;Europa, incluso in Canada e negli Stati Uniti. Collegamenti ad altri siti: Il nostro sito potrebbe contenere collegamenti ad altri siti non gestiti o controllati da noi. Notare che non siamo responsabili per le pratiche sulla riservatezza di altri siti o di terzi. Invitiamo a prestare attenzione nel caso in cui si esca dal sito e leggere le dichiarazioni sulla riservatezza di ogni sito che potrebbe raccogliere informazioni personali. Sicurezza delle informazioni: Proteggiamo le informazioni fornite su server informatici controllati, un ambiente sicuro protetto da accesso, uso o divulgazione non autorizzata. Adottiamo sistemi di protezione fisica, tecnica e amministrativa ragionevoli per proteggere da accesso, uso, modifica e divulgazione non autorizzata delle informazioni personali in nostro possesso. Nonostante ci\u00f2, nessuna trasmissione dei dati tramite Internet o rete wireless pu\u00f2 essere completamente garantita come sicura. Avvertenza legale: Divulgheremo informazioni raccolte, usate o ricevute se richiesto o consentito dalla legge, come per rispettare ordini di tribunali o procedure legali simili, oltre che nel caso in cui riteniamo in buona fede che la divulgazione sia necessaria per proteggere i nostri diritti, proteggere la Sua sicurezza o la sicurezza di altri, investigare frode o rispondere a richieste governative. Informazioni di contatto: Per qualsiasi questione correlata ai diritti individuali o alle informazioni personali, pu\u00f2 inviare un&#8217;email a info@gruppocastanea.it.<\/p>","protected":false},"author":5,"featured_media":0,"parent":0,"menu_order":0,"comment_status":"closed","ping_status":"open","template":"","meta":{"_acf_changed":false,"footnotes":""},"class_list":["post-3","page","type-page","status-publish","hentry"],"acf":[],"yoast_head":"<!-- This site is optimized with the Yoast SEO plugin v27.4 - https:\/\/yoast.com\/product\/yoast-seo-wordpress\/ -->\n<title>Privacy Policy - Gruppo Castanea<\/title>\n<meta name=\"robots\" content=\"index, follow, max-snippet:-1, max-image-preview:large, max-video-preview:-1\" \/>\n<link rel=\"canonical\" href=\"https:\/\/www.gruppocastanea.it\/en\/privacy-policy\/\" \/>\n<meta property=\"og:locale\" content=\"en_US\" \/>\n<meta property=\"og:type\" content=\"article\" \/>\n<meta property=\"og:title\" content=\"Privacy Policy - Gruppo Castanea\" \/>\n<meta property=\"og:description\" content=\"Politica sulla riservatezza Il sito gruppocastanea.it \u00e8 di propriet\u00e0 di Gruppo Castanea, titolare del trattamento dei Suoi dati personali. Abbiamo adottato questa politica sulla privacy, la quale determina il trattamento delle informazioni raccolte da gruppocastanea.it, oltre che i motivi per raccolta di certi dati personali a Lei correlati. Pertanto, deve leggere questa politica sulla riservatezza prima di usare il sito gruppocastanea.it. Trattiamo i Suoi dati personali e garantiamo riservatezza e sicurezza degli stessi. Informazioni personali raccolte: Quando visita gruppocastanea.it, raccogliamo automaticamente certe informazioni sul dispositivo, incluse informazioni su browser web, indirizzo IP, fuso orario e cookie installati sul dispositivo. Inoltre, navigando sul sito, raccogliamo informazioni sulle pagine web o i prodotti visualizzati, siti web o termini di ricerca di riferimento verso il sito e come Lei interagisce con il sito. Indichiamo tali informazioni raccolte automaticamente come \u201cinformazioni sul dispositivo\u201d. Inoltre, potremmo raccogliere dati personali che ci fornisce (inclusi senza limitazione nome, cognome, indirizzo, informazioni di pagamento ecc.) durante la registrazione per soddisfare l&#8217;accordo. Perch\u00e9 trattiamo i dati? La sicurezza dei dati dei clienti \u00e8 una nostra priorit\u00e0, pertanto trattiamo solo i dati degli utenti strettamente necessari per gestire il sito. Le informazioni raccolte automaticamente vengono utilizzate solo per identificare casi potenziali di abuso e stabilire statistiche sull&#8217;uso del sito. Queste informazioni statistiche non sono aggregate in modo da identificare un utente specifico del sistema. Le \u00e8 consentito visitare il sito senza rivelare informazioni, tramite le quali potrebbe essere identificato personalmente. Se, tuttavia, desidera utilizzare alcune delle funzioni del sito, o desidera ricevere newsletter o fornire altri dettagli compilando un modulo, potrebbe doverci fornire dati personali come email, nome, cognome, citt\u00e0 di residenza, organizzazione e numero di telefono. Pu\u00f2 scegliere di non fornire dati personali, tuttavia in tal caso non potr\u00e0 usufruire di alcune funzioni del sito. Per esempio, non potr\u00e0 ricevere la nostra newsletter o contattarci direttamente dal sito. Gli utenti che non sanno quali informazioni sono obbligatorie, possono contattarci a info@gruppocastanea.it. I Suoi diritti: Se \u00e8 residente nell&#8217;Unione Europea, dispone dei seguenti diritti sui dati personali: Il diritto di essere informato. Il diritto all&#8217;accesso. Il diritto di modifica. Il diritto di eliminazione. Il diritto di limitazione del trattamento. Il diritto di portabilit\u00e0 dei dati. Il diritto di obiezione. Il diritto in relazione a decisione e profilazione automatizzata. Per esercitare questi diritti, si prega di contattarci tramite le informazioni di contatto sotto. Inoltre, se \u00e8 residente nell&#8217;Unione Europea, trattiamo le Sue informazioni al fine di stipulare i contratti con Lei (per esempio, in caso di ordine tramite il sito), o soddisfare in altro modo i nostri interessi commerciali legittimi indicati sopra. Ancora, notare che le informazioni possono essere trasferite fuori dall&#8217;Europa, incluso in Canada e negli Stati Uniti. Collegamenti ad altri siti: Il nostro sito potrebbe contenere collegamenti ad altri siti non gestiti o controllati da noi. Notare che non siamo responsabili per le pratiche sulla riservatezza di altri siti o di terzi. Invitiamo a prestare attenzione nel caso in cui si esca dal sito e leggere le dichiarazioni sulla riservatezza di ogni sito che potrebbe raccogliere informazioni personali. Sicurezza delle informazioni: Proteggiamo le informazioni fornite su server informatici controllati, un ambiente sicuro protetto da accesso, uso o divulgazione non autorizzata. Adottiamo sistemi di protezione fisica, tecnica e amministrativa ragionevoli per proteggere da accesso, uso, modifica e divulgazione non autorizzata delle informazioni personali in nostro possesso. Nonostante ci\u00f2, nessuna trasmissione dei dati tramite Internet o rete wireless pu\u00f2 essere completamente garantita come sicura. Avvertenza legale: Divulgheremo informazioni raccolte, usate o ricevute se richiesto o consentito dalla legge, come per rispettare ordini di tribunali o procedure legali simili, oltre che nel caso in cui riteniamo in buona fede che la divulgazione sia necessaria per proteggere i nostri diritti, proteggere la Sua sicurezza o la sicurezza di altri, investigare frode o rispondere a richieste governative. Informazioni di contatto: Per qualsiasi questione correlata ai diritti individuali o alle informazioni personali, pu\u00f2 inviare un&#8217;email a info@gruppocastanea.it.\" \/>\n<meta property=\"og:url\" content=\"https:\/\/www.gruppocastanea.it\/en\/privacy-policy\/\" \/>\n<meta property=\"og:site_name\" content=\"Gruppo Castanea\" \/>\n<meta property=\"article:modified_time\" content=\"2025-01-07T12:16:21+00:00\" \/>\n<meta name=\"twitter:card\" content=\"summary_large_image\" \/>\n<meta name=\"twitter:label1\" content=\"Est. reading time\" \/>\n\t<meta name=\"twitter:data1\" content=\"4 minutes\" \/>\n<script type=\"application\/ld+json\" class=\"yoast-schema-graph\">{\"@context\":\"https:\\\/\\\/schema.org\",\"@graph\":[{\"@type\":\"WebPage\",\"@id\":\"https:\\\/\\\/www.gruppocastanea.it\\\/privacy-policy\\\/\",\"url\":\"https:\\\/\\\/www.gruppocastanea.it\\\/privacy-policy\\\/\",\"name\":\"Privacy Policy - Gruppo Castanea\",\"isPartOf\":{\"@id\":\"https:\\\/\\\/www.gruppocastanea.it\\\/#website\"},\"datePublished\":\"2024-10-09T10:35:20+00:00\",\"dateModified\":\"2025-01-07T12:16:21+00:00\",\"breadcrumb\":{\"@id\":\"https:\\\/\\\/www.gruppocastanea.it\\\/privacy-policy\\\/#breadcrumb\"},\"inLanguage\":\"en-US\",\"potentialAction\":[{\"@type\":\"ReadAction\",\"target\":[\"https:\\\/\\\/www.gruppocastanea.it\\\/privacy-policy\\\/\"]}]},{\"@type\":\"BreadcrumbList\",\"@id\":\"https:\\\/\\\/www.gruppocastanea.it\\\/privacy-policy\\\/#breadcrumb\",\"itemListElement\":[{\"@type\":\"ListItem\",\"position\":1,\"name\":\"Home\",\"item\":\"https:\\\/\\\/www.gruppocastanea.it\\\/\"},{\"@type\":\"ListItem\",\"position\":2,\"name\":\"Privacy Policy\"}]},{\"@type\":\"WebSite\",\"@id\":\"https:\\\/\\\/www.gruppocastanea.it\\\/#website\",\"url\":\"https:\\\/\\\/www.gruppocastanea.it\\\/\",\"name\":\"Gruppo Castanea\",\"description\":\"\",\"potentialAction\":[{\"@type\":\"SearchAction\",\"target\":{\"@type\":\"EntryPoint\",\"urlTemplate\":\"https:\\\/\\\/www.gruppocastanea.it\\\/?s={search_term_string}\"},\"query-input\":{\"@type\":\"PropertyValueSpecification\",\"valueRequired\":true,\"valueName\":\"search_term_string\"}}],\"inLanguage\":\"en-US\"}]}<\/script>\n<!-- \/ Yoast SEO plugin. -->","yoast_head_json":{"title":"Privacy Policy - Gruppo Castanea","robots":{"index":"index","follow":"follow","max-snippet":"max-snippet:-1","max-image-preview":"max-image-preview:large","max-video-preview":"max-video-preview:-1"},"canonical":"https:\/\/www.gruppocastanea.it\/en\/privacy-policy\/","og_locale":"en_US","og_type":"article","og_title":"Privacy Policy - Gruppo Castanea","og_description":"Politica sulla riservatezza Il sito gruppocastanea.it \u00e8 di propriet\u00e0 di Gruppo Castanea, titolare del trattamento dei Suoi dati personali. Abbiamo adottato questa politica sulla privacy, la quale determina il trattamento delle informazioni raccolte da gruppocastanea.it, oltre che i motivi per raccolta di certi dati personali a Lei correlati. Pertanto, deve leggere questa politica sulla riservatezza prima di usare il sito gruppocastanea.it. Trattiamo i Suoi dati personali e garantiamo riservatezza e sicurezza degli stessi. Informazioni personali raccolte: Quando visita gruppocastanea.it, raccogliamo automaticamente certe informazioni sul dispositivo, incluse informazioni su browser web, indirizzo IP, fuso orario e cookie installati sul dispositivo. Inoltre, navigando sul sito, raccogliamo informazioni sulle pagine web o i prodotti visualizzati, siti web o termini di ricerca di riferimento verso il sito e come Lei interagisce con il sito. Indichiamo tali informazioni raccolte automaticamente come \u201cinformazioni sul dispositivo\u201d. Inoltre, potremmo raccogliere dati personali che ci fornisce (inclusi senza limitazione nome, cognome, indirizzo, informazioni di pagamento ecc.) durante la registrazione per soddisfare l&#8217;accordo. Perch\u00e9 trattiamo i dati? La sicurezza dei dati dei clienti \u00e8 una nostra priorit\u00e0, pertanto trattiamo solo i dati degli utenti strettamente necessari per gestire il sito. Le informazioni raccolte automaticamente vengono utilizzate solo per identificare casi potenziali di abuso e stabilire statistiche sull&#8217;uso del sito. Queste informazioni statistiche non sono aggregate in modo da identificare un utente specifico del sistema. Le \u00e8 consentito visitare il sito senza rivelare informazioni, tramite le quali potrebbe essere identificato personalmente. Se, tuttavia, desidera utilizzare alcune delle funzioni del sito, o desidera ricevere newsletter o fornire altri dettagli compilando un modulo, potrebbe doverci fornire dati personali come email, nome, cognome, citt\u00e0 di residenza, organizzazione e numero di telefono. Pu\u00f2 scegliere di non fornire dati personali, tuttavia in tal caso non potr\u00e0 usufruire di alcune funzioni del sito. Per esempio, non potr\u00e0 ricevere la nostra newsletter o contattarci direttamente dal sito. Gli utenti che non sanno quali informazioni sono obbligatorie, possono contattarci a info@gruppocastanea.it. I Suoi diritti: Se \u00e8 residente nell&#8217;Unione Europea, dispone dei seguenti diritti sui dati personali: Il diritto di essere informato. Il diritto all&#8217;accesso. Il diritto di modifica. Il diritto di eliminazione. Il diritto di limitazione del trattamento. Il diritto di portabilit\u00e0 dei dati. Il diritto di obiezione. Il diritto in relazione a decisione e profilazione automatizzata. Per esercitare questi diritti, si prega di contattarci tramite le informazioni di contatto sotto. Inoltre, se \u00e8 residente nell&#8217;Unione Europea, trattiamo le Sue informazioni al fine di stipulare i contratti con Lei (per esempio, in caso di ordine tramite il sito), o soddisfare in altro modo i nostri interessi commerciali legittimi indicati sopra. Ancora, notare che le informazioni possono essere trasferite fuori dall&#8217;Europa, incluso in Canada e negli Stati Uniti. Collegamenti ad altri siti: Il nostro sito potrebbe contenere collegamenti ad altri siti non gestiti o controllati da noi. Notare che non siamo responsabili per le pratiche sulla riservatezza di altri siti o di terzi. Invitiamo a prestare attenzione nel caso in cui si esca dal sito e leggere le dichiarazioni sulla riservatezza di ogni sito che potrebbe raccogliere informazioni personali. Sicurezza delle informazioni: Proteggiamo le informazioni fornite su server informatici controllati, un ambiente sicuro protetto da accesso, uso o divulgazione non autorizzata. Adottiamo sistemi di protezione fisica, tecnica e amministrativa ragionevoli per proteggere da accesso, uso, modifica e divulgazione non autorizzata delle informazioni personali in nostro possesso. Nonostante ci\u00f2, nessuna trasmissione dei dati tramite Internet o rete wireless pu\u00f2 essere completamente garantita come sicura. Avvertenza legale: Divulgheremo informazioni raccolte, usate o ricevute se richiesto o consentito dalla legge, come per rispettare ordini di tribunali o procedure legali simili, oltre che nel caso in cui riteniamo in buona fede che la divulgazione sia necessaria per proteggere i nostri diritti, proteggere la Sua sicurezza o la sicurezza di altri, investigare frode o rispondere a richieste governative. Informazioni di contatto: Per qualsiasi questione correlata ai diritti individuali o alle informazioni personali, pu\u00f2 inviare un&#8217;email a info@gruppocastanea.it.","og_url":"https:\/\/www.gruppocastanea.it\/en\/privacy-policy\/","og_site_name":"Gruppo Castanea","article_modified_time":"2025-01-07T12:16:21+00:00","twitter_card":"summary_large_image","twitter_misc":{"Est. reading time":"4 minutes"},"schema":{"@context":"https:\/\/schema.org","@graph":[{"@type":"WebPage","@id":"https:\/\/www.gruppocastanea.it\/privacy-policy\/","url":"https:\/\/www.gruppocastanea.it\/privacy-policy\/","name":"Privacy Policy - Gruppo Castanea","isPartOf":{"@id":"https:\/\/www.gruppocastanea.it\/#website"},"datePublished":"2024-10-09T10:35:20+00:00","dateModified":"2025-01-07T12:16:21+00:00","breadcrumb":{"@id":"https:\/\/www.gruppocastanea.it\/privacy-policy\/#breadcrumb"},"inLanguage":"en-US","potentialAction":[{"@type":"ReadAction","target":["https:\/\/www.gruppocastanea.it\/privacy-policy\/"]}]},{"@type":"BreadcrumbList","@id":"https:\/\/www.gruppocastanea.it\/privacy-policy\/#breadcrumb","itemListElement":[{"@type":"ListItem","position":1,"name":"Home","item":"https:\/\/www.gruppocastanea.it\/"},{"@type":"ListItem","position":2,"name":"Privacy Policy"}]},{"@type":"WebSite","@id":"https:\/\/www.gruppocastanea.it\/#website","url":"https:\/\/www.gruppocastanea.it\/","name":"Gruppo Castanea","description":"","potentialAction":[{"@type":"SearchAction","target":{"@type":"EntryPoint","urlTemplate":"https:\/\/www.gruppocastanea.it\/?s={search_term_string}"},"query-input":{"@type":"PropertyValueSpecification","valueRequired":true,"valueName":"search_term_string"}}],"inLanguage":"en-US"}]}},"_links":{"self":[{"href":"https:\/\/www.gruppocastanea.it\/en\/wp-json\/wp\/v2\/pages\/3","targetHints":{"allow":["GET"]}}],"collection":[{"href":"https:\/\/www.gruppocastanea.it\/en\/wp-json\/wp\/v2\/pages"}],"about":[{"href":"https:\/\/www.gruppocastanea.it\/en\/wp-json\/wp\/v2\/types\/page"}],"author":[{"embeddable":true,"href":"https:\/\/www.gruppocastanea.it\/en\/wp-json\/wp\/v2\/users\/5"}],"replies":[{"embeddable":true,"href":"https:\/\/www.gruppocastanea.it\/en\/wp-json\/wp\/v2\/comments?post=3"}],"version-history":[{"count":3,"href":"https:\/\/www.gruppocastanea.it\/en\/wp-json\/wp\/v2\/pages\/3\/revisions"}],"predecessor-version":[{"id":450,"href":"https:\/\/www.gruppocastanea.it\/en\/wp-json\/wp\/v2\/pages\/3\/revisions\/450"}],"wp:attachment":[{"href":"https:\/\/www.gruppocastanea.it\/en\/wp-json\/wp\/v2\/media?parent=3"}],"curies":[{"name":"wp","href":"https:\/\/api.w.org\/{rel}","templated":true}]}}